{"id":102,"date":"2017-07-14T10:31:20","date_gmt":"2017-07-14T08:31:20","guid":{"rendered":"http:\/\/wilmex-contract.pl\/ang\/?page_id=102"},"modified":"2021-10-13T23:29:13","modified_gmt":"2021-10-13T21:29:13","slug":"wall-coverings","status":"publish","type":"page","link":"https:\/\/wilmex-contract.pl\/ang\/products\/wall-coverings\/","title":{"rendered":"Wall coverings"},"content":{"rendered":"","protected":false},"excerpt":{"rendered":"","protected":false},"author":1,"featured_media":0,"parent":7,"menu_order":0,"comment_status":"closed","ping_status":"closed","template":"","meta":[],"yoast_head":"<!-- This site is optimized with the Yoast SEO plugin v17.3 - https:\/\/yoast.com\/wordpress\/plugins\/seo\/ -->\n<title>Wall coverings - Wilmex Contract<\/title>\n<meta name=\"description\" content=\"Nowoczesne zabudowy \u015bcian, klasyczne zabudowy \u015bcian, Zabudowy \u015bcian w stylu prowansalskim,zabudowy \u015bcian w stylu angielskim, Zabudowy \u015bcian wed\u0142ug projektu,\" \/>\n<meta name=\"robots\" content=\"index, follow, max-snippet:-1, max-image-preview:large, max-video-preview:-1\" \/>\n<link rel=\"canonical\" href=\"https:\/\/wilmex-contract.pl\/ang\/products\/wall-coverings\/\" \/>\n<meta property=\"og:locale\" content=\"pl_PL\" \/>\n<meta property=\"og:type\" content=\"article\" \/>\n<meta property=\"og:title\" content=\"Wall coverings - Wilmex Contract\" \/>\n<meta property=\"og:description\" content=\"Nowoczesne zabudowy \u015bcian, klasyczne zabudowy \u015bcian, Zabudowy \u015bcian w stylu prowansalskim,zabudowy \u015bcian w stylu angielskim, Zabudowy \u015bcian wed\u0142ug projektu,\" \/>\n<meta property=\"og:url\" content=\"https:\/\/wilmex-contract.pl\/ang\/products\/wall-coverings\/\" \/>\n<meta property=\"og:site_name\" content=\"Wilmex Contract\" \/>\n<meta property=\"article:modified_time\" content=\"2021-10-13T21:29:13+00:00\" \/>\n<meta name=\"twitter:card\" content=\"summary\" \/>\n<script type=\"application\/ld+json\" class=\"yoast-schema-graph\">{\"@context\":\"https:\/\/schema.org\",\"@graph\":[{\"@type\":\"WebSite\",\"@id\":\"https:\/\/wilmex-contract.pl\/ang\/#website\",\"url\":\"https:\/\/wilmex-contract.pl\/ang\/\",\"name\":\"Wilmex Contract\",\"description\":\"Wilmex Contract - Meble, drzwi, kuchnie, zabudowy boazeryjne, biblioteki, wg projektu lub naszych autorskich kolekcji.\",\"potentialAction\":[{\"@type\":\"SearchAction\",\"target\":{\"@type\":\"EntryPoint\",\"urlTemplate\":\"https:\/\/wilmex-contract.pl\/ang\/?s={search_term_string}\"},\"query-input\":\"required name=search_term_string\"}],\"inLanguage\":\"pl-PL\"},{\"@type\":\"WebPage\",\"@id\":\"https:\/\/wilmex-contract.pl\/ang\/products\/wall-coverings\/#webpage\",\"url\":\"https:\/\/wilmex-contract.pl\/ang\/products\/wall-coverings\/\",\"name\":\"Wall coverings - Wilmex Contract\",\"isPartOf\":{\"@id\":\"https:\/\/wilmex-contract.pl\/ang\/#website\"},\"datePublished\":\"2017-07-14T08:31:20+00:00\",\"dateModified\":\"2021-10-13T21:29:13+00:00\",\"description\":\"Nowoczesne zabudowy \\u015bcian, klasyczne zabudowy \\u015bcian, Zabudowy \\u015bcian w stylu prowansalskim,zabudowy \\u015bcian w stylu angielskim, Zabudowy \\u015bcian wed\\u0142ug projektu,\",\"breadcrumb\":{\"@id\":\"https:\/\/wilmex-contract.pl\/ang\/products\/wall-coverings\/#breadcrumb\"},\"inLanguage\":\"pl-PL\",\"potentialAction\":[{\"@type\":\"ReadAction\",\"target\":[\"https:\/\/wilmex-contract.pl\/ang\/products\/wall-coverings\/\"]}]},{\"@type\":\"BreadcrumbList\",\"@id\":\"https:\/\/wilmex-contract.pl\/ang\/products\/wall-coverings\/#breadcrumb\",\"itemListElement\":[{\"@type\":\"ListItem\",\"position\":1,\"name\":\"Products\",\"item\":\"https:\/\/wilmex-contract.pl\/ang\/products\/\"},{\"@type\":\"ListItem\",\"position\":2,\"name\":\"Wall coverings\"}]}]}<\/script>\n<!-- \/ Yoast SEO plugin. -->","yoast_head_json":{"title":"Wall coverings - Wilmex Contract","description":"Nowoczesne zabudowy \u015bcian, klasyczne zabudowy \u015bcian, Zabudowy \u015bcian w stylu prowansalskim,zabudowy \u015bcian w stylu angielskim, Zabudowy \u015bcian wed\u0142ug projektu,","robots":{"index":"index","follow":"follow","max-snippet":"max-snippet:-1","max-image-preview":"max-image-preview:large","max-video-preview":"max-video-preview:-1"},"canonical":"https:\/\/wilmex-contract.pl\/ang\/products\/wall-coverings\/","og_locale":"pl_PL","og_type":"article","og_title":"Wall coverings - Wilmex Contract","og_description":"Nowoczesne zabudowy \u015bcian, klasyczne zabudowy \u015bcian, Zabudowy \u015bcian w stylu prowansalskim,zabudowy \u015bcian w stylu angielskim, Zabudowy \u015bcian wed\u0142ug projektu,","og_url":"https:\/\/wilmex-contract.pl\/ang\/products\/wall-coverings\/","og_site_name":"Wilmex Contract","article_modified_time":"2021-10-13T21:29:13+00:00","twitter_card":"summary","schema":{"@context":"https:\/\/schema.org","@graph":[{"@type":"WebSite","@id":"https:\/\/wilmex-contract.pl\/ang\/#website","url":"https:\/\/wilmex-contract.pl\/ang\/","name":"Wilmex Contract","description":"Wilmex Contract - Meble, drzwi, kuchnie, zabudowy boazeryjne, biblioteki, wg projektu lub naszych autorskich kolekcji.","potentialAction":[{"@type":"SearchAction","target":{"@type":"EntryPoint","urlTemplate":"https:\/\/wilmex-contract.pl\/ang\/?s={search_term_string}"},"query-input":"required name=search_term_string"}],"inLanguage":"pl-PL"},{"@type":"WebPage","@id":"https:\/\/wilmex-contract.pl\/ang\/products\/wall-coverings\/#webpage","url":"https:\/\/wilmex-contract.pl\/ang\/products\/wall-coverings\/","name":"Wall coverings - Wilmex Contract","isPartOf":{"@id":"https:\/\/wilmex-contract.pl\/ang\/#website"},"datePublished":"2017-07-14T08:31:20+00:00","dateModified":"2021-10-13T21:29:13+00:00","description":"Nowoczesne zabudowy \u015bcian, klasyczne zabudowy \u015bcian, Zabudowy \u015bcian w stylu prowansalskim,zabudowy \u015bcian w stylu angielskim, Zabudowy \u015bcian wed\u0142ug projektu,","breadcrumb":{"@id":"https:\/\/wilmex-contract.pl\/ang\/products\/wall-coverings\/#breadcrumb"},"inLanguage":"pl-PL","potentialAction":[{"@type":"ReadAction","target":["https:\/\/wilmex-contract.pl\/ang\/products\/wall-coverings\/"]}]},{"@type":"BreadcrumbList","@id":"https:\/\/wilmex-contract.pl\/ang\/products\/wall-coverings\/#breadcrumb","itemListElement":[{"@type":"ListItem","position":1,"name":"Products","item":"https:\/\/wilmex-contract.pl\/ang\/products\/"},{"@type":"ListItem","position":2,"name":"Wall coverings"}]}]}},"_links":{"self":[{"href":"https:\/\/wilmex-contract.pl\/ang\/wp-json\/wp\/v2\/pages\/102"}],"collection":[{"href":"https:\/\/wilmex-contract.pl\/ang\/wp-json\/wp\/v2\/pages"}],"about":[{"href":"https:\/\/wilmex-contract.pl\/ang\/wp-json\/wp\/v2\/types\/page"}],"author":[{"embeddable":true,"href":"https:\/\/wilmex-contract.pl\/ang\/wp-json\/wp\/v2\/users\/1"}],"replies":[{"embeddable":true,"href":"https:\/\/wilmex-contract.pl\/ang\/wp-json\/wp\/v2\/comments?post=102"}],"version-history":[{"count":2,"href":"https:\/\/wilmex-contract.pl\/ang\/wp-json\/wp\/v2\/pages\/102\/revisions"}],"predecessor-version":[{"id":550,"href":"https:\/\/wilmex-contract.pl\/ang\/wp-json\/wp\/v2\/pages\/102\/revisions\/550"}],"up":[{"embeddable":true,"href":"https:\/\/wilmex-contract.pl\/ang\/wp-json\/wp\/v2\/pages\/7"}],"wp:attachment":[{"href":"https:\/\/wilmex-contract.pl\/ang\/wp-json\/wp\/v2\/media?parent=102"}],"curies":[{"name":"wp","href":"https:\/\/api.w.org\/{rel}","templated":true}]}}