{"id":104,"date":"2017-07-14T10:33:15","date_gmt":"2017-07-14T08:33:15","guid":{"rendered":"http:\/\/wilmex-contract.pl\/ang\/?page_id=104"},"modified":"2021-10-13T23:27:12","modified_gmt":"2021-10-13T21:27:12","slug":"doors","status":"publish","type":"page","link":"https:\/\/wilmex-contract.pl\/ang\/products\/doors\/","title":{"rendered":"Doors"},"content":{"rendered":"","protected":false},"excerpt":{"rendered":"","protected":false},"author":1,"featured_media":0,"parent":7,"menu_order":0,"comment_status":"closed","ping_status":"closed","template":"","meta":[],"yoast_head":"<!-- This site is optimized with the Yoast SEO plugin v17.3 - https:\/\/yoast.com\/wordpress\/plugins\/seo\/ -->\n<title>Doors - Wilmex Contract<\/title>\n<meta name=\"description\" content=\"Drzwi zewn\u0119trzne, wewn\u0119trzne, Ognioodporne, akustyczne, \u015bcianki dzia\u0142owe,\" \/>\n<meta name=\"robots\" content=\"index, follow, max-snippet:-1, max-image-preview:large, max-video-preview:-1\" \/>\n<link rel=\"canonical\" href=\"https:\/\/wilmex-contract.pl\/ang\/products\/doors\/\" \/>\n<meta property=\"og:locale\" content=\"pl_PL\" \/>\n<meta property=\"og:type\" content=\"article\" \/>\n<meta property=\"og:title\" content=\"Doors - Wilmex Contract\" \/>\n<meta property=\"og:description\" content=\"Drzwi zewn\u0119trzne, wewn\u0119trzne, Ognioodporne, akustyczne, \u015bcianki dzia\u0142owe,\" \/>\n<meta property=\"og:url\" content=\"https:\/\/wilmex-contract.pl\/ang\/products\/doors\/\" \/>\n<meta property=\"og:site_name\" content=\"Wilmex Contract\" \/>\n<meta property=\"article:modified_time\" content=\"2021-10-13T21:27:12+00:00\" \/>\n<meta name=\"twitter:card\" content=\"summary\" \/>\n<script type=\"application\/ld+json\" class=\"yoast-schema-graph\">{\"@context\":\"https:\/\/schema.org\",\"@graph\":[{\"@type\":\"WebSite\",\"@id\":\"https:\/\/wilmex-contract.pl\/ang\/#website\",\"url\":\"https:\/\/wilmex-contract.pl\/ang\/\",\"name\":\"Wilmex Contract\",\"description\":\"Wilmex Contract - Meble, drzwi, kuchnie, zabudowy boazeryjne, biblioteki, wg projektu lub naszych autorskich kolekcji.\",\"potentialAction\":[{\"@type\":\"SearchAction\",\"target\":{\"@type\":\"EntryPoint\",\"urlTemplate\":\"https:\/\/wilmex-contract.pl\/ang\/?s={search_term_string}\"},\"query-input\":\"required name=search_term_string\"}],\"inLanguage\":\"pl-PL\"},{\"@type\":\"WebPage\",\"@id\":\"https:\/\/wilmex-contract.pl\/ang\/products\/doors\/#webpage\",\"url\":\"https:\/\/wilmex-contract.pl\/ang\/products\/doors\/\",\"name\":\"Doors - Wilmex Contract\",\"isPartOf\":{\"@id\":\"https:\/\/wilmex-contract.pl\/ang\/#website\"},\"datePublished\":\"2017-07-14T08:33:15+00:00\",\"dateModified\":\"2021-10-13T21:27:12+00:00\",\"description\":\"Drzwi zewn\\u0119trzne, wewn\\u0119trzne, Ognioodporne, akustyczne, \\u015bcianki dzia\\u0142owe,\",\"breadcrumb\":{\"@id\":\"https:\/\/wilmex-contract.pl\/ang\/products\/doors\/#breadcrumb\"},\"inLanguage\":\"pl-PL\",\"potentialAction\":[{\"@type\":\"ReadAction\",\"target\":[\"https:\/\/wilmex-contract.pl\/ang\/products\/doors\/\"]}]},{\"@type\":\"BreadcrumbList\",\"@id\":\"https:\/\/wilmex-contract.pl\/ang\/products\/doors\/#breadcrumb\",\"itemListElement\":[{\"@type\":\"ListItem\",\"position\":1,\"name\":\"Products\",\"item\":\"https:\/\/wilmex-contract.pl\/ang\/products\/\"},{\"@type\":\"ListItem\",\"position\":2,\"name\":\"Doors\"}]}]}<\/script>\n<!-- \/ Yoast SEO plugin. -->","yoast_head_json":{"title":"Doors - Wilmex Contract","description":"Drzwi zewn\u0119trzne, wewn\u0119trzne, Ognioodporne, akustyczne, \u015bcianki dzia\u0142owe,","robots":{"index":"index","follow":"follow","max-snippet":"max-snippet:-1","max-image-preview":"max-image-preview:large","max-video-preview":"max-video-preview:-1"},"canonical":"https:\/\/wilmex-contract.pl\/ang\/products\/doors\/","og_locale":"pl_PL","og_type":"article","og_title":"Doors - Wilmex Contract","og_description":"Drzwi zewn\u0119trzne, wewn\u0119trzne, Ognioodporne, akustyczne, \u015bcianki dzia\u0142owe,","og_url":"https:\/\/wilmex-contract.pl\/ang\/products\/doors\/","og_site_name":"Wilmex Contract","article_modified_time":"2021-10-13T21:27:12+00:00","twitter_card":"summary","schema":{"@context":"https:\/\/schema.org","@graph":[{"@type":"WebSite","@id":"https:\/\/wilmex-contract.pl\/ang\/#website","url":"https:\/\/wilmex-contract.pl\/ang\/","name":"Wilmex Contract","description":"Wilmex Contract - Meble, drzwi, kuchnie, zabudowy boazeryjne, biblioteki, wg projektu lub naszych autorskich kolekcji.","potentialAction":[{"@type":"SearchAction","target":{"@type":"EntryPoint","urlTemplate":"https:\/\/wilmex-contract.pl\/ang\/?s={search_term_string}"},"query-input":"required name=search_term_string"}],"inLanguage":"pl-PL"},{"@type":"WebPage","@id":"https:\/\/wilmex-contract.pl\/ang\/products\/doors\/#webpage","url":"https:\/\/wilmex-contract.pl\/ang\/products\/doors\/","name":"Doors - Wilmex Contract","isPartOf":{"@id":"https:\/\/wilmex-contract.pl\/ang\/#website"},"datePublished":"2017-07-14T08:33:15+00:00","dateModified":"2021-10-13T21:27:12+00:00","description":"Drzwi zewn\u0119trzne, wewn\u0119trzne, Ognioodporne, akustyczne, \u015bcianki dzia\u0142owe,","breadcrumb":{"@id":"https:\/\/wilmex-contract.pl\/ang\/products\/doors\/#breadcrumb"},"inLanguage":"pl-PL","potentialAction":[{"@type":"ReadAction","target":["https:\/\/wilmex-contract.pl\/ang\/products\/doors\/"]}]},{"@type":"BreadcrumbList","@id":"https:\/\/wilmex-contract.pl\/ang\/products\/doors\/#breadcrumb","itemListElement":[{"@type":"ListItem","position":1,"name":"Products","item":"https:\/\/wilmex-contract.pl\/ang\/products\/"},{"@type":"ListItem","position":2,"name":"Doors"}]}]}},"_links":{"self":[{"href":"https:\/\/wilmex-contract.pl\/ang\/wp-json\/wp\/v2\/pages\/104"}],"collection":[{"href":"https:\/\/wilmex-contract.pl\/ang\/wp-json\/wp\/v2\/pages"}],"about":[{"href":"https:\/\/wilmex-contract.pl\/ang\/wp-json\/wp\/v2\/types\/page"}],"author":[{"embeddable":true,"href":"https:\/\/wilmex-contract.pl\/ang\/wp-json\/wp\/v2\/users\/1"}],"replies":[{"embeddable":true,"href":"https:\/\/wilmex-contract.pl\/ang\/wp-json\/wp\/v2\/comments?post=104"}],"version-history":[{"count":4,"href":"https:\/\/wilmex-contract.pl\/ang\/wp-json\/wp\/v2\/pages\/104\/revisions"}],"predecessor-version":[{"id":545,"href":"https:\/\/wilmex-contract.pl\/ang\/wp-json\/wp\/v2\/pages\/104\/revisions\/545"}],"up":[{"embeddable":true,"href":"https:\/\/wilmex-contract.pl\/ang\/wp-json\/wp\/v2\/pages\/7"}],"wp:attachment":[{"href":"https:\/\/wilmex-contract.pl\/ang\/wp-json\/wp\/v2\/media?parent=104"}],"curies":[{"name":"wp","href":"https:\/\/api.w.org\/{rel}","templated":true}]}}