{"id":273,"date":"2017-08-06T20:43:30","date_gmt":"2017-08-06T18:43:30","guid":{"rendered":"http:\/\/wilmex-contract.pl\/ang\/?page_id=273"},"modified":"2021-10-13T23:28:02","modified_gmt":"2021-10-13T21:28:02","slug":"bathroom-furniture","status":"publish","type":"page","link":"https:\/\/wilmex-contract.pl\/ang\/products\/bathroom-furniture\/","title":{"rendered":"Bathroom furniture"},"content":{"rendered":"","protected":false},"excerpt":{"rendered":"","protected":false},"author":1,"featured_media":0,"parent":7,"menu_order":0,"comment_status":"closed","ping_status":"closed","template":"","meta":[],"yoast_head":"<!-- This site is optimized with the Yoast SEO plugin v17.3 - https:\/\/yoast.com\/wordpress\/plugins\/seo\/ -->\n<title>Bathroom furniture - Wilmex Contract<\/title>\n<meta name=\"description\" content=\"Zabudowy \u0142azienek, zabudowy umywalek, Zabudowy \u0142azienkowe wed\u0142ug projektu\" \/>\n<meta name=\"robots\" content=\"index, follow, max-snippet:-1, max-image-preview:large, max-video-preview:-1\" \/>\n<link rel=\"canonical\" href=\"https:\/\/wilmex-contract.pl\/ang\/products\/bathroom-furniture\/\" \/>\n<meta property=\"og:locale\" content=\"pl_PL\" \/>\n<meta property=\"og:type\" content=\"article\" \/>\n<meta property=\"og:title\" content=\"Bathroom furniture - Wilmex Contract\" \/>\n<meta property=\"og:description\" content=\"Zabudowy \u0142azienek, zabudowy umywalek, Zabudowy \u0142azienkowe wed\u0142ug projektu\" \/>\n<meta property=\"og:url\" content=\"https:\/\/wilmex-contract.pl\/ang\/products\/bathroom-furniture\/\" \/>\n<meta property=\"og:site_name\" content=\"Wilmex Contract\" \/>\n<meta property=\"article:modified_time\" content=\"2021-10-13T21:28:02+00:00\" \/>\n<meta name=\"twitter:card\" content=\"summary\" \/>\n<script type=\"application\/ld+json\" class=\"yoast-schema-graph\">{\"@context\":\"https:\/\/schema.org\",\"@graph\":[{\"@type\":\"WebSite\",\"@id\":\"https:\/\/wilmex-contract.pl\/ang\/#website\",\"url\":\"https:\/\/wilmex-contract.pl\/ang\/\",\"name\":\"Wilmex Contract\",\"description\":\"Wilmex Contract - Meble, drzwi, kuchnie, zabudowy boazeryjne, biblioteki, wg projektu lub naszych autorskich kolekcji.\",\"potentialAction\":[{\"@type\":\"SearchAction\",\"target\":{\"@type\":\"EntryPoint\",\"urlTemplate\":\"https:\/\/wilmex-contract.pl\/ang\/?s={search_term_string}\"},\"query-input\":\"required name=search_term_string\"}],\"inLanguage\":\"pl-PL\"},{\"@type\":\"WebPage\",\"@id\":\"https:\/\/wilmex-contract.pl\/ang\/products\/bathroom-furniture\/#webpage\",\"url\":\"https:\/\/wilmex-contract.pl\/ang\/products\/bathroom-furniture\/\",\"name\":\"Bathroom furniture - Wilmex Contract\",\"isPartOf\":{\"@id\":\"https:\/\/wilmex-contract.pl\/ang\/#website\"},\"datePublished\":\"2017-08-06T18:43:30+00:00\",\"dateModified\":\"2021-10-13T21:28:02+00:00\",\"description\":\"Zabudowy \\u0142azienek, zabudowy umywalek, Zabudowy \\u0142azienkowe wed\\u0142ug projektu\",\"breadcrumb\":{\"@id\":\"https:\/\/wilmex-contract.pl\/ang\/products\/bathroom-furniture\/#breadcrumb\"},\"inLanguage\":\"pl-PL\",\"potentialAction\":[{\"@type\":\"ReadAction\",\"target\":[\"https:\/\/wilmex-contract.pl\/ang\/products\/bathroom-furniture\/\"]}]},{\"@type\":\"BreadcrumbList\",\"@id\":\"https:\/\/wilmex-contract.pl\/ang\/products\/bathroom-furniture\/#breadcrumb\",\"itemListElement\":[{\"@type\":\"ListItem\",\"position\":1,\"name\":\"Products\",\"item\":\"https:\/\/wilmex-contract.pl\/ang\/products\/\"},{\"@type\":\"ListItem\",\"position\":2,\"name\":\"Bathroom furniture\"}]}]}<\/script>\n<!-- \/ Yoast SEO plugin. -->","yoast_head_json":{"title":"Bathroom furniture - Wilmex Contract","description":"Zabudowy \u0142azienek, zabudowy umywalek, Zabudowy \u0142azienkowe wed\u0142ug projektu","robots":{"index":"index","follow":"follow","max-snippet":"max-snippet:-1","max-image-preview":"max-image-preview:large","max-video-preview":"max-video-preview:-1"},"canonical":"https:\/\/wilmex-contract.pl\/ang\/products\/bathroom-furniture\/","og_locale":"pl_PL","og_type":"article","og_title":"Bathroom furniture - Wilmex Contract","og_description":"Zabudowy \u0142azienek, zabudowy umywalek, Zabudowy \u0142azienkowe wed\u0142ug projektu","og_url":"https:\/\/wilmex-contract.pl\/ang\/products\/bathroom-furniture\/","og_site_name":"Wilmex Contract","article_modified_time":"2021-10-13T21:28:02+00:00","twitter_card":"summary","schema":{"@context":"https:\/\/schema.org","@graph":[{"@type":"WebSite","@id":"https:\/\/wilmex-contract.pl\/ang\/#website","url":"https:\/\/wilmex-contract.pl\/ang\/","name":"Wilmex Contract","description":"Wilmex Contract - Meble, drzwi, kuchnie, zabudowy boazeryjne, biblioteki, wg projektu lub naszych autorskich kolekcji.","potentialAction":[{"@type":"SearchAction","target":{"@type":"EntryPoint","urlTemplate":"https:\/\/wilmex-contract.pl\/ang\/?s={search_term_string}"},"query-input":"required name=search_term_string"}],"inLanguage":"pl-PL"},{"@type":"WebPage","@id":"https:\/\/wilmex-contract.pl\/ang\/products\/bathroom-furniture\/#webpage","url":"https:\/\/wilmex-contract.pl\/ang\/products\/bathroom-furniture\/","name":"Bathroom furniture - Wilmex Contract","isPartOf":{"@id":"https:\/\/wilmex-contract.pl\/ang\/#website"},"datePublished":"2017-08-06T18:43:30+00:00","dateModified":"2021-10-13T21:28:02+00:00","description":"Zabudowy \u0142azienek, zabudowy umywalek, Zabudowy \u0142azienkowe wed\u0142ug projektu","breadcrumb":{"@id":"https:\/\/wilmex-contract.pl\/ang\/products\/bathroom-furniture\/#breadcrumb"},"inLanguage":"pl-PL","potentialAction":[{"@type":"ReadAction","target":["https:\/\/wilmex-contract.pl\/ang\/products\/bathroom-furniture\/"]}]},{"@type":"BreadcrumbList","@id":"https:\/\/wilmex-contract.pl\/ang\/products\/bathroom-furniture\/#breadcrumb","itemListElement":[{"@type":"ListItem","position":1,"name":"Products","item":"https:\/\/wilmex-contract.pl\/ang\/products\/"},{"@type":"ListItem","position":2,"name":"Bathroom furniture"}]}]}},"_links":{"self":[{"href":"https:\/\/wilmex-contract.pl\/ang\/wp-json\/wp\/v2\/pages\/273"}],"collection":[{"href":"https:\/\/wilmex-contract.pl\/ang\/wp-json\/wp\/v2\/pages"}],"about":[{"href":"https:\/\/wilmex-contract.pl\/ang\/wp-json\/wp\/v2\/types\/page"}],"author":[{"embeddable":true,"href":"https:\/\/wilmex-contract.pl\/ang\/wp-json\/wp\/v2\/users\/1"}],"replies":[{"embeddable":true,"href":"https:\/\/wilmex-contract.pl\/ang\/wp-json\/wp\/v2\/comments?post=273"}],"version-history":[{"count":2,"href":"https:\/\/wilmex-contract.pl\/ang\/wp-json\/wp\/v2\/pages\/273\/revisions"}],"predecessor-version":[{"id":547,"href":"https:\/\/wilmex-contract.pl\/ang\/wp-json\/wp\/v2\/pages\/273\/revisions\/547"}],"up":[{"embeddable":true,"href":"https:\/\/wilmex-contract.pl\/ang\/wp-json\/wp\/v2\/pages\/7"}],"wp:attachment":[{"href":"https:\/\/wilmex-contract.pl\/ang\/wp-json\/wp\/v2\/media?parent=273"}],"curies":[{"name":"wp","href":"https:\/\/api.w.org\/{rel}","templated":true}]}}