{"id":7,"date":"2017-06-28T12:35:20","date_gmt":"2017-06-28T10:35:20","guid":{"rendered":"http:\/\/wilmex-contract.pl\/ang\/?page_id=7"},"modified":"2021-10-13T23:16:29","modified_gmt":"2021-10-13T21:16:29","slug":"products","status":"publish","type":"page","link":"https:\/\/wilmex-contract.pl\/ang\/products\/","title":{"rendered":"Products"},"content":{"rendered":"","protected":false},"excerpt":{"rendered":"","protected":false},"author":1,"featured_media":0,"parent":0,"menu_order":0,"comment_status":"closed","ping_status":"closed","template":"","meta":[],"yoast_head":"<!-- This site is optimized with the Yoast SEO plugin v17.3 - https:\/\/yoast.com\/wordpress\/plugins\/seo\/ -->\n<title>Products - Wilmex Contract<\/title>\n<meta name=\"description\" content=\"Meble, drzwi, bary, recepcje, zabudowy \u015bcian, kuchnie, zabudowy biblioteczne, zabudowy sufit\u00f3w, schody, pod\u0142ogi, meble \u0142azienkowe\" \/>\n<meta name=\"robots\" content=\"index, follow, max-snippet:-1, max-image-preview:large, max-video-preview:-1\" \/>\n<link rel=\"canonical\" href=\"https:\/\/wilmex-contract.pl\/ang\/products\/\" \/>\n<meta property=\"og:locale\" content=\"pl_PL\" \/>\n<meta property=\"og:type\" content=\"article\" \/>\n<meta property=\"og:title\" content=\"Products - Wilmex Contract\" \/>\n<meta property=\"og:description\" content=\"Meble, drzwi, bary, recepcje, zabudowy \u015bcian, kuchnie, zabudowy biblioteczne, zabudowy sufit\u00f3w, schody, pod\u0142ogi, meble \u0142azienkowe\" \/>\n<meta property=\"og:url\" content=\"https:\/\/wilmex-contract.pl\/ang\/products\/\" \/>\n<meta property=\"og:site_name\" content=\"Wilmex Contract\" \/>\n<meta property=\"article:modified_time\" content=\"2021-10-13T21:16:29+00:00\" \/>\n<meta name=\"twitter:card\" content=\"summary\" \/>\n<script type=\"application\/ld+json\" class=\"yoast-schema-graph\">{\"@context\":\"https:\/\/schema.org\",\"@graph\":[{\"@type\":\"WebSite\",\"@id\":\"https:\/\/wilmex-contract.pl\/ang\/#website\",\"url\":\"https:\/\/wilmex-contract.pl\/ang\/\",\"name\":\"Wilmex Contract\",\"description\":\"Wilmex Contract - Meble, drzwi, kuchnie, zabudowy boazeryjne, biblioteki, wg projektu lub naszych autorskich kolekcji.\",\"potentialAction\":[{\"@type\":\"SearchAction\",\"target\":{\"@type\":\"EntryPoint\",\"urlTemplate\":\"https:\/\/wilmex-contract.pl\/ang\/?s={search_term_string}\"},\"query-input\":\"required name=search_term_string\"}],\"inLanguage\":\"pl-PL\"},{\"@type\":\"WebPage\",\"@id\":\"https:\/\/wilmex-contract.pl\/ang\/products\/#webpage\",\"url\":\"https:\/\/wilmex-contract.pl\/ang\/products\/\",\"name\":\"Products - Wilmex Contract\",\"isPartOf\":{\"@id\":\"https:\/\/wilmex-contract.pl\/ang\/#website\"},\"datePublished\":\"2017-06-28T10:35:20+00:00\",\"dateModified\":\"2021-10-13T21:16:29+00:00\",\"description\":\"Meble, drzwi, bary, recepcje, zabudowy \\u015bcian, kuchnie, zabudowy biblioteczne, zabudowy sufit\\u00f3w, schody, pod\\u0142ogi, meble \\u0142azienkowe\",\"breadcrumb\":{\"@id\":\"https:\/\/wilmex-contract.pl\/ang\/products\/#breadcrumb\"},\"inLanguage\":\"pl-PL\",\"potentialAction\":[{\"@type\":\"ReadAction\",\"target\":[\"https:\/\/wilmex-contract.pl\/ang\/products\/\"]}]},{\"@type\":\"BreadcrumbList\",\"@id\":\"https:\/\/wilmex-contract.pl\/ang\/products\/#breadcrumb\",\"itemListElement\":[{\"@type\":\"ListItem\",\"position\":1,\"name\":\"Products\"}]}]}<\/script>\n<!-- \/ Yoast SEO plugin. -->","yoast_head_json":{"title":"Products - Wilmex Contract","description":"Meble, drzwi, bary, recepcje, zabudowy \u015bcian, kuchnie, zabudowy biblioteczne, zabudowy sufit\u00f3w, schody, pod\u0142ogi, meble \u0142azienkowe","robots":{"index":"index","follow":"follow","max-snippet":"max-snippet:-1","max-image-preview":"max-image-preview:large","max-video-preview":"max-video-preview:-1"},"canonical":"https:\/\/wilmex-contract.pl\/ang\/products\/","og_locale":"pl_PL","og_type":"article","og_title":"Products - Wilmex Contract","og_description":"Meble, drzwi, bary, recepcje, zabudowy \u015bcian, kuchnie, zabudowy biblioteczne, zabudowy sufit\u00f3w, schody, pod\u0142ogi, meble \u0142azienkowe","og_url":"https:\/\/wilmex-contract.pl\/ang\/products\/","og_site_name":"Wilmex Contract","article_modified_time":"2021-10-13T21:16:29+00:00","twitter_card":"summary","schema":{"@context":"https:\/\/schema.org","@graph":[{"@type":"WebSite","@id":"https:\/\/wilmex-contract.pl\/ang\/#website","url":"https:\/\/wilmex-contract.pl\/ang\/","name":"Wilmex Contract","description":"Wilmex Contract - Meble, drzwi, kuchnie, zabudowy boazeryjne, biblioteki, wg projektu lub naszych autorskich kolekcji.","potentialAction":[{"@type":"SearchAction","target":{"@type":"EntryPoint","urlTemplate":"https:\/\/wilmex-contract.pl\/ang\/?s={search_term_string}"},"query-input":"required name=search_term_string"}],"inLanguage":"pl-PL"},{"@type":"WebPage","@id":"https:\/\/wilmex-contract.pl\/ang\/products\/#webpage","url":"https:\/\/wilmex-contract.pl\/ang\/products\/","name":"Products - Wilmex Contract","isPartOf":{"@id":"https:\/\/wilmex-contract.pl\/ang\/#website"},"datePublished":"2017-06-28T10:35:20+00:00","dateModified":"2021-10-13T21:16:29+00:00","description":"Meble, drzwi, bary, recepcje, zabudowy \u015bcian, kuchnie, zabudowy biblioteczne, zabudowy sufit\u00f3w, schody, pod\u0142ogi, meble \u0142azienkowe","breadcrumb":{"@id":"https:\/\/wilmex-contract.pl\/ang\/products\/#breadcrumb"},"inLanguage":"pl-PL","potentialAction":[{"@type":"ReadAction","target":["https:\/\/wilmex-contract.pl\/ang\/products\/"]}]},{"@type":"BreadcrumbList","@id":"https:\/\/wilmex-contract.pl\/ang\/products\/#breadcrumb","itemListElement":[{"@type":"ListItem","position":1,"name":"Products"}]}]}},"_links":{"self":[{"href":"https:\/\/wilmex-contract.pl\/ang\/wp-json\/wp\/v2\/pages\/7"}],"collection":[{"href":"https:\/\/wilmex-contract.pl\/ang\/wp-json\/wp\/v2\/pages"}],"about":[{"href":"https:\/\/wilmex-contract.pl\/ang\/wp-json\/wp\/v2\/types\/page"}],"author":[{"embeddable":true,"href":"https:\/\/wilmex-contract.pl\/ang\/wp-json\/wp\/v2\/users\/1"}],"replies":[{"embeddable":true,"href":"https:\/\/wilmex-contract.pl\/ang\/wp-json\/wp\/v2\/comments?post=7"}],"version-history":[{"count":2,"href":"https:\/\/wilmex-contract.pl\/ang\/wp-json\/wp\/v2\/pages\/7\/revisions"}],"predecessor-version":[{"id":539,"href":"https:\/\/wilmex-contract.pl\/ang\/wp-json\/wp\/v2\/pages\/7\/revisions\/539"}],"wp:attachment":[{"href":"https:\/\/wilmex-contract.pl\/ang\/wp-json\/wp\/v2\/media?parent=7"}],"curies":[{"name":"wp","href":"https:\/\/api.w.org\/{rel}","templated":true}]}}